{"id":9823,"date":"2017-07-26T15:32:28","date_gmt":"2017-07-26T13:32:28","guid":{"rendered":"http:\/\/bfd-partners.com\/?page_id=9823"},"modified":"2018-07-06T14:42:49","modified_gmt":"2018-07-06T12:42:49","slug":"protection-donnees-rgpd-bordeaux","status":"publish","type":"page","link":"https:\/\/bfd-partners.com\/index.php\/protection-donnees-rgpd-bordeaux\/","title":{"rendered":"Protection donn\u00e9es personnelles RGPD"},"content":{"rendered":"<p>[vc_row full_width=&#8221;stretch_row&#8221; bg_type=&#8221;image&#8221; parallax_style=&#8221;vcpb-vz-jquery&#8221; bg_image_new=&#8221;id^9752|url^http:\/\/bfd-partners.com\/wp-content\/uploads\/2017\/07\/IMG_0631A_ciel.jpg|caption^null|alt^null|title^IMG_0631A_ciel|description^null&#8221; bg_image_repeat=&#8221;repeat-x&#8221; css=&#8221;.vc_custom_1501002184913{padding-top: 45px !important;padding-bottom: 80px !important;}&#8221;][vc_column]<div id=\"ultimate-heading-528669f840ce347c5\" class=\"uvc-heading ult-adjust-bottom-margin ultimate-heading-528669f840ce347c5 uvc-3003 \" data-hspacer=\"no_spacer\"  data-halign=\"center\" style=\"text-align:center\"><div class=\"uvc-heading-spacer no_spacer\" style=\"top\"><\/div><div class=\"uvc-sub-heading ult-responsive\"  data-ultimate-target='.uvc-heading.ultimate-heading-528669f840ce347c5 .uvc-sub-heading '  data-responsive-json-new='{\"font-size\":\"\",\"line-height\":\"\"}'  style=\"font-weight:normal;\"><\/p>\n<h1><span style=\"color: #ffffff;\">LA PROTECTION DE LA DONNEE PERSONNELLE &#8211; RGDP<\/span><\/h1>\n<p><\/div><\/div>[\/vc_column][\/vc_row][vc_row][vc_column][vc_row_inner css=&#8221;.vc_custom_1474115780249{border-top-width: 1px !important;border-radius: 1px !important;}&#8221;][vc_column_inner width=&#8221;1\/3&#8243;]<div id=\"ultimate-heading-635569f840ce347f0\" class=\"uvc-heading ult-adjust-bottom-margin ultimate-heading-635569f840ce347f0 uvc-5567 \" data-hspacer=\"no_spacer\"  data-halign=\"left\" style=\"text-align:left\"><div class=\"uvc-heading-spacer no_spacer\" style=\"top\"><\/div><div class=\"uvc-main-heading ult-responsive\"  data-ultimate-target='.uvc-heading.ultimate-heading-635569f840ce347f0 h2'  data-responsive-json-new='{\"font-size\":\"desktop:23px;\",\"line-height\":\"\"}' ><h2 style=\"font-family:&#039;Lato&#039;;font-weight:normal;font-style:normal;margin-bottom:20px;\">Qu'est ce que la protection de la donn\u00e9e personnelle ? RGDP<\/h2><\/div><\/div>[vc_single_image image=&#8221;9741&#8243; img_size=&#8221;large&#8221; style=&#8221;vc_box_rounded&#8221; css=&#8221;.vc_custom_1501076551396{margin-bottom: 0px !important;padding-bottom: 0px !important;}&#8221;][vc_column_text css=&#8221;.vc_custom_1501098163613{margin-top: 0px !important;padding-top: 20px !important;padding-right: 30px !important;padding-bottom: 78px !important;padding-left: 30px !important;background-color: #eaeaea !important;}&#8221;]Le r\u00e8glement europ\u00e9en sur la protection de la donn\u00e9e entrera en vigueur le <strong>25 mai 2018<\/strong>. A ce moment l\u00e0 , toutes les entreprises europ\u00e9ennes devront \u00eatre conformes aux obligations du texte. Quelles sont ces obligations ?<\/p>\n<h6>&#8211; La gestion du consentement clarifi\u00e9: d\u00e8s que vous &#8220;traitez&#8221;(ie enregistrer dans un syst\u00e8me informatique) des donn\u00e9es \u00e0 caract\u00e8re personnel, vous devez recueillir un consentement explicite de l&#8217;int\u00e9ress\u00e9. <strong>Le consentement implicite est proscrit.<\/strong> A noter que le fait d&#8217;avoir une relation contractuelle avec cet individu vous exon\u00e8re de cette obligation (dans la mesure o\u00f9 les donn\u00e9es recueillies sont n\u00e9cessaires et suffisantes pour mettre en \u0153uvre ce contrat).<br \/>\n&#8211; L&#8217;information: vous devez informer les individus que vous stockez leurs informations dans vos syst\u00e8mes, m\u00eame si c&#8217;est pour la bonne ex\u00e9cution du contrat.<br \/>\n&#8211; L&#8217;individu b\u00e9n\u00e9ficie de nouveaux droits qu&#8217;il vous appartient de g\u00e9rer: effacement\/oubli, rectification, acc\u00e8s \u00e0 ses informations, restriction de process, portabilit\u00e9, opposition au traitement automatique, et profiling.<br \/>\n&#8211; L&#8217;entreprise doit tenir un registre des traitements de la donn\u00e9e personnelle au sein de l&#8217;entit\u00e9.<br \/>\n&#8211; La s\u00e9curit\u00e9 des informations doit \u00eatre assur\u00e9e de mani\u00e8re ad\u00e9quate. Les donn\u00e9es doivent avoir une juridiction, ne pas \u00eatre acc\u00e9d\u00e9es par n&#8217;importe qui et prot\u00e9g\u00e9es de mani\u00e8re s\u00e9rieuse (encryption, anonymisation)<br \/>\n&#8211; Les donn\u00e9es ne doivent pas sortir de l&#8217;espace europ\u00e9en, la circulation\/transmission de donn\u00e9es personnelles sur les r\u00e9seaux internes de l&#8217;entreprise doit \u00eatre limit\u00e9e au maximum et est \u00e0 bannir\u00a0 \u00e0 terme.<br \/>\n&#8211; La nomination d&#8217;un DPO, Data Protection Officer<\/h6>\n<p><strong>Le non respect de la r\u00e9glementation peut entrainer des p\u00e9nalit\u00e9s allant jusqu&#8217;\u00e0 4% du chiffre d&#8217;affaire dans la limite de 20M\u20ac.<\/strong><\/p>\n<p>M\u00eame si le texte a un caract\u00e8re universel, en pratique ne sont concern\u00e9es dans un premier temps que les entreprises qui ont plus de 250 salari\u00e9s (car certaines obligations ne s&#8217;appliquent qu&#8217;aux entreprises de plus de 250 salari\u00e9s).<\/p>\n<h6>A noter enfin que le texte s&#8217;applique \u00e0 tous les individus enregistr\u00e9s dans les syst\u00e8mes de l&#8217;entreprise, en particulier donc ses salari\u00e9s, ses sous traitants, ses clients et ses prospects.<\/h6>\n<p>[\/vc_column_text]<div class=\" vc_custom_1501082349899 ubtn-ctn-center \"><a class=\"ubtn-link ult-adjust-bottom-margin ubtn-center ubtn-mini \" href=\"http:\/\/bfd-partners.com\/index.php\/contact_ssg\/\" ><button type=\"button\" id=\"ubtn-5141\"  class=\"ubtn ult-adjust-bottom-margin ult-responsive ubtn-mini ubtn-fade-bg  none  ubtn-sep-icon ubtn-sep-icon-left-push  ubtn-center   tooltip-69f840ce3483f\"  data-hover=\"#ffffff\" data-border-color=\"#3083c9\" data-bg=\"#23465a\" data-hover-bg=\"#23465a\" data-border-hover=\"#3d3d3d\" data-shadow-hover=\"\" data-shadow-click=\"none\" data-shadow=\"\" data-shd-shadow=\"\"  data-ultimate-target='#ubtn-5141'  data-responsive-json-new='{\"font-size\":\"\",\"line-height\":\"\"}'  style=\"font-weight:normal;border-radius:4px;border-width:1px;border-color:#3083c9;border-style:solid;background: #23465a;color: #ffffff;\"><span class=\"ubtn-data ubtn-icon\"><i class=\"Defaults-angle-double-right\" style=\"font-size:25px;color:#ffffff;\"><\/i><\/span><span class=\"ubtn-hover\" style=\"background-color:#23465a\"><\/span><span class=\"ubtn-data ubtn-text \" >NOUS CONTACTER<\/span><\/button><\/a><\/div>[\/vc_column_inner][vc_column_inner width=&#8221;1\/3&#8243; css=&#8221;.vc_custom_1472036543035{border-radius: 3px !important;}&#8221;]<div id=\"ultimate-heading-338069f840ce3487b\" class=\"uvc-heading ult-adjust-bottom-margin ultimate-heading-338069f840ce3487b uvc-4604 \" data-hspacer=\"no_spacer\"  data-halign=\"left\" style=\"text-align:left\"><div class=\"uvc-heading-spacer no_spacer\" style=\"top\"><\/div><div class=\"uvc-main-heading ult-responsive\"  data-ultimate-target='.uvc-heading.ultimate-heading-338069f840ce3487b h2'  data-responsive-json-new='{\"font-size\":\"desktop:23px;\",\"line-height\":\"\"}' ><h2 style=\"font-family:&#039;Lato&#039;;font-weight:normal;font-style:normal;margin-bottom:20px;\">Notre approche projet RGDP <\/h2><\/div><\/div>[vc_single_image image=&#8221;9690&#8243; img_size=&#8221;large&#8221; style=&#8221;vc_box_rounded&#8221; css=&#8221;.vc_custom_1501076573292{margin-bottom: 0px !important;padding-bottom: 0px !important;}&#8221;][vc_column_text css=&#8221;.vc_custom_1501098295796{margin-top: 0px !important;padding-top: 20px !important;padding-right: 30px !important;padding-bottom: 78px !important;padding-left: 30px !important;background-color: #eaeaea !important;}&#8221;]Nous avons d\u00e9j\u00e0 men\u00e9 quelques projets RGDP au sein de BFD Partners. Nous avons pu ainsi d\u00e9velopp\u00e9 et \u00e9prouv\u00e9 une m\u00e9thodologie qui permet de se mettre rapidement en ordre de marche pour \u00eatre conforme.<\/p>\n<p>Les projets sont en g\u00e9n\u00e9ral importants (<strong>plusieurs mois \u00e0 pr\u00e9voir<\/strong>), avec un impact important au niveau du juridique et de l&#8217;informatique.<\/p>\n<p>Notre m\u00e9thodologie:<\/p>\n<ol>\n<li>Etat des lieux: <strong>une semaine ou deux selon la taille de l&#8217;entreprise<\/strong> pour se rendre compte de ce qui est d\u00e9j\u00e0 fait sur les donn\u00e9es personnelles, et identifier les gaps avec la r\u00e9glementation. A l&#8217;issue de ce premier audit, une restitution est organis\u00e9e, des chantiers identifi\u00e9s (en g\u00e9n\u00e9ral : gouvernance, informatique, legal, change)<\/li>\n<li>Recensement des processus de donn\u00e9es personnelles par fonctions (phase qui peut \u00eatre effectu\u00e9e par les services de l&#8217;entreprise)<\/li>\n<li>Enregistrement des processus dans un outil (Excel est possible),<\/li>\n<li>D\u00e9signation du DPO et r\u00e9daction des proc\u00e9dures,<\/li>\n<li>Mise en place des outils informatiques n\u00e9cessaires (<strong>encryption, pseudonymisation<\/strong>)<\/li>\n<li>Informations aux individus, recueil consentement si besoin. Mise en place des proc\u00e9dures et des outils de reporting \u00e9ventuels.<\/li>\n<li>Autres: aspects extra territoriaux si besoin (filiales \u00e9trang\u00e8res, informatique, etc.) cas sp\u00e9ciaux<\/li>\n<\/ol>\n<p>Certaines phases peuvent \u00eatre men\u00e9es en parall\u00e8le. <strong>Vu l&#8217;ampleur des travaux, nous vous conseillons de commencer votre projet RGDP le plus t\u00f4t possible<\/strong>. Des budgets importants devront y \u00eatre consacr\u00e9s.[\/vc_column_text]<div class=\" vc_custom_1501082342883 ubtn-ctn-center \"><a class=\"ubtn-link ult-adjust-bottom-margin ubtn-center ubtn-mini \" href=\"http:\/\/bfd-partners.com\/index.php\/contact_ssg\/\" ><button type=\"button\" id=\"ubtn-9130\"  class=\"ubtn ult-adjust-bottom-margin ult-responsive ubtn-mini ubtn-fade-bg  none  ubtn-sep-icon ubtn-sep-icon-left-push  ubtn-center   tooltip-69f840ce348a5\"  data-hover=\"#ffffff\" data-border-color=\"#3083c9\" data-bg=\"#23465a\" data-hover-bg=\"#23465a\" data-border-hover=\"#3d3d3d\" data-shadow-hover=\"\" data-shadow-click=\"none\" data-shadow=\"\" data-shd-shadow=\"\"  data-ultimate-target='#ubtn-9130'  data-responsive-json-new='{\"font-size\":\"\",\"line-height\":\"\"}'  style=\"font-weight:normal;border-radius:4px;border-width:1px;border-color:#3083c9;border-style:solid;background: #23465a;color: #ffffff;\"><span class=\"ubtn-data ubtn-icon\"><i class=\"Defaults-angle-double-right\" style=\"font-size:25px;color:#ffffff;\"><\/i><\/span><span class=\"ubtn-hover\" style=\"background-color:#23465a\"><\/span><span class=\"ubtn-data ubtn-text \" >NOUS CONTACTER<\/span><\/button><\/a><\/div>[\/vc_column_inner][vc_column_inner width=&#8221;1\/3&#8243;]<div id=\"ultimate-heading-463869f840ce348ca\" class=\"uvc-heading ult-adjust-bottom-margin ultimate-heading-463869f840ce348ca uvc-7834 \" data-hspacer=\"no_spacer\"  data-halign=\"left\" style=\"text-align:left\"><div class=\"uvc-heading-spacer no_spacer\" style=\"top\"><\/div><div class=\"uvc-main-heading ult-responsive\"  data-ultimate-target='.uvc-heading.ultimate-heading-463869f840ce348ca h2'  data-responsive-json-new='{\"font-size\":\"desktop:23px;\",\"line-height\":\"\"}' ><h2 style=\"font-family:&#039;Lato&#039;;font-weight:normal;font-style:normal;margin-bottom:20px;\">Externaliser votre DPO <\/h2><\/div><\/div>[vc_single_image image=&#8221;9813&#8243; img_size=&#8221;large&#8221; style=&#8221;vc_box_rounded&#8221; css=&#8221;.vc_custom_1501077963962{margin-bottom: 0px !important;padding-bottom: 0px !important;}&#8221;][vc_column_text css=&#8221;.vc_custom_1501098575121{margin-top: 0px !important;padding-top: 20px !important;padding-right: 30px !important;padding-bottom: 78px !important;padding-left: 30px !important;background-color: #eaeaea !important;}&#8221;]A partir de Juin 2018, une nouvelle fonction verra le jour au sein des entreprises, le &#8220;Data Protection Officer&#8221; en abr\u00e9g\u00e9 le DPO, ie un responsable de la protection de la donn\u00e9e qui sera responsable de la bonne tenue des registres de donn\u00e9es personnelles et devra rendre des comptes aupr\u00e8s du r\u00e9gulateur.<\/p>\n<p>Cette nouvelle fonction est obligatoire pour toutes les entreprise de plus de 250 salari\u00e9s. Recruter une personne d\u00e9di\u00e9e sur ce poste peut s&#8217;av\u00e9rer tr\u00e8s compliqu\u00e9 pour les PME : difficult\u00e9 \u00e0 trouver ce genre de profil peu disponible sur le march\u00e9 du travail actuellement, qui n\u00e9cessite des comp\u00e9tences pointues et une activit\u00e9 pas assez soutenue pour justifier de l&#8217;embauche d&#8217;une personne \u00e0 plein temps sur le poste. Cela d\u00e9pend \u00e9videmment du type d&#8217;activit\u00e9 mais pour donner un ordre d&#8217;id\u00e9e, nous pensons qu&#8217;un DPO \u00e0 plein temps n&#8217;est pas n\u00e9cessaire lorsque la soci\u00e9t\u00e9 a moins de 1000 salari\u00e9s. D\u00e8s lors, les PME peuvent red\u00e9finir une fonction en interne pour l&#8217;inclure, mais il ne faut pas n\u00e9gliger la charge de travail suppl\u00e9mentaire, de m\u00eame que les comp\u00e9tences pointues n\u00e9cessaires pour le poste. Les conflits d&#8217;int\u00e9r\u00eats sont \u00e0 proscrire, le DPO est cens\u00e9 donc \u00eatre ind\u00e9pendant de la DSI par exemple. Pour toutes ses raisons, il peut s&#8217;av\u00e9rer plus judicieux pour une entreprise d&#8217;outsourcer cette fonction.<\/p>\n<p><strong>BFD Partners vous offre la possibilit\u00e9 d&#8217;externaliser la fonction de DPO,<\/strong> en facturant au temps pass\u00e9 par mois (en g\u00e9n\u00e9ral quelques jours par mois). Nous assurons le suivi des registres de donn\u00e9es, des proc\u00e9dures. En mutualisant les bonnes pratiques, vous \u00eates s\u00fbrs d&#8217;\u00eatre en r\u00e8gle sur vos obligations r\u00e9glementaires, le tout pour un co\u00fbt maitris\u00e9. N&#8217;h\u00e9sitez pas \u00e0 nous contacter pour en savoir plus.<\/p>\n<p>A noter que nous ne faisons pas ce genre de prestation sans un \u00e9tat des lieux pr\u00e9alable exhaustif de la situation de l&#8217;entreprise vis \u00e0 vis de RGDP.[\/vc_column_text]<div class=\" vc_custom_1501082369765 ubtn-ctn-center \"><a class=\"ubtn-link ult-adjust-bottom-margin ubtn-center ubtn-mini \" href=\"http:\/\/bfd-partners.com\/index.php\/contact_ssg\/\" ><button type=\"button\" id=\"ubtn-4156\"  class=\"ubtn ult-adjust-bottom-margin ult-responsive ubtn-mini ubtn-fade-bg  none  ubtn-sep-icon ubtn-sep-icon-left-push  ubtn-center   tooltip-69f840ce348eb\"  data-hover=\"#ffffff\" data-border-color=\"#3083c9\" data-bg=\"#23465a\" data-hover-bg=\"#23465a\" data-border-hover=\"#3d3d3d\" data-shadow-hover=\"\" data-shadow-click=\"none\" data-shadow=\"\" data-shd-shadow=\"\"  data-ultimate-target='#ubtn-4156'  data-responsive-json-new='{\"font-size\":\"\",\"line-height\":\"\"}'  style=\"font-weight:normal;border-radius:4px;border-width:1px;border-color:#3083c9;border-style:solid;background: #23465a;color: #ffffff;\"><span class=\"ubtn-data ubtn-icon\"><i class=\"Defaults-angle-double-right\" style=\"font-size:25px;color:#ffffff;\"><\/i><\/span><span class=\"ubtn-hover\" style=\"background-color:#23465a\"><\/span><span class=\"ubtn-data ubtn-text \" >NOUS CONTACTER<\/span><\/button><\/a><\/div>[\/vc_column_inner][\/vc_row_inner][\/vc_column][\/vc_row]<\/p>\n","protected":false},"excerpt":{"rendered":"<p>[vc_row full_width=&#8221;stretch_row&#8221; bg_type=&#8221;image&#8221; parallax_style=&#8221;vcpb-vz-jquery&#8221; bg_image_new=&#8221;id^9752|url^http:\/\/bfd-partners.com\/wp-content\/uploads\/2017\/07\/IMG_0631A_ciel.jpg|caption^null|alt^null|title^IMG_0631A_ciel|description^null&#8221; bg_image_repeat=&#8221;repeat-x&#8221; css=&#8221;.vc_custom_1501002184913{padding-top: 45px !important;padding-bottom: 80px !important;}&#8221;][vc_column][\/vc_column][\/vc_row][vc_row][vc_column][vc_row_inner css=&#8221;.vc_custom_1474115780249{border-top-width: 1px !important;border-radius: 1px !important;}&#8221;][vc_column_inner width=&#8221;1\/3&#8243;][vc_single_image image=&#8221;9741&#8243; img_size=&#8221;large&#8221; style=&#8221;vc_box_rounded&#8221; css=&#8221;.vc_custom_1501076551396{margin-bottom: 0px !important;padding-bottom: 0px !important;}&#8221;][vc_column_text css=&#8221;.vc_custom_1501098163613{margin-top: 0px !important;padding-top: 20px !important;padding-right: 30px !important;padding-bottom: 78px !important;padding-left: 30px !important;background-color: #eaeaea !important;}&#8221;]Le r\u00e8glement europ\u00e9en sur la protection de la donn\u00e9e entrera en vigueur le 25 mai 2018. A ce [&hellip;]<\/p>\n","protected":false},"author":1,"featured_media":0,"parent":0,"menu_order":0,"comment_status":"closed","ping_status":"closed","template":"","meta":{"_exactmetrics_skip_tracking":false,"_exactmetrics_sitenote_active":false,"_exactmetrics_sitenote_note":"","_exactmetrics_sitenote_category":0,"footnotes":""},"class_list":["post-9823","page","type-page","status-publish","hentry"],"yoast_head":"<!-- This site is optimized with the Yoast SEO plugin v25.5 - https:\/\/yoast.com\/wordpress\/plugins\/seo\/ -->\n<title>Protection donn\u00e9es personnelles RGPD<\/title>\n<meta name=\"description\" content=\"Protection de la donn\u00e9e personnelle, reglement europeen sur la donnee personnelle, RGPD, GDPR. Specialiste data sur Bordeaux et l&#039;Aquitaine\" \/>\n<meta name=\"robots\" content=\"index, follow, max-snippet:-1, max-image-preview:large, max-video-preview:-1\" \/>\n<link rel=\"canonical\" href=\"https:\/\/bfd-partners.com\/index.php\/protection-donnees-rgpd-bordeaux\/\" \/>\n<script type=\"application\/ld+json\" class=\"yoast-schema-graph\">{\"@context\":\"https:\/\/schema.org\",\"@graph\":[{\"@type\":\"BreadcrumbList\",\"@id\":\"https:\/\/bfd-partners.com\/index.php\/protection-donnees-rgpd-bordeaux\/#breadcrumb\",\"itemListElement\":[{\"@type\":\"ListItem\",\"position\":1,\"name\":\"Accueil\",\"item\":\"https:\/\/bfd-partners.com\/\"},{\"@type\":\"ListItem\",\"position\":2,\"name\":\"Protection donn\u00e9es personnelles RGPD\"}]}]}<\/script>\n<!-- \/ Yoast SEO plugin. -->","yoast_head_json":{"title":"Protection donn\u00e9es personnelles RGPD","description":"Protection de la donn\u00e9e personnelle, reglement europeen sur la donnee personnelle, RGPD, GDPR. Specialiste data sur Bordeaux et l'Aquitaine","robots":{"index":"index","follow":"follow","max-snippet":"max-snippet:-1","max-image-preview":"max-image-preview:large","max-video-preview":"max-video-preview:-1"},"canonical":"https:\/\/bfd-partners.com\/index.php\/protection-donnees-rgpd-bordeaux\/","schema":{"@context":"https:\/\/schema.org","@graph":[{"@type":"BreadcrumbList","@id":"https:\/\/bfd-partners.com\/index.php\/protection-donnees-rgpd-bordeaux\/#breadcrumb","itemListElement":[{"@type":"ListItem","position":1,"name":"Accueil","item":"https:\/\/bfd-partners.com\/"},{"@type":"ListItem","position":2,"name":"Protection donn\u00e9es personnelles RGPD"}]}]}},"_links":{"self":[{"href":"https:\/\/bfd-partners.com\/index.php\/wp-json\/wp\/v2\/pages\/9823","targetHints":{"allow":["GET"]}}],"collection":[{"href":"https:\/\/bfd-partners.com\/index.php\/wp-json\/wp\/v2\/pages"}],"about":[{"href":"https:\/\/bfd-partners.com\/index.php\/wp-json\/wp\/v2\/types\/page"}],"author":[{"embeddable":true,"href":"https:\/\/bfd-partners.com\/index.php\/wp-json\/wp\/v2\/users\/1"}],"replies":[{"embeddable":true,"href":"https:\/\/bfd-partners.com\/index.php\/wp-json\/wp\/v2\/comments?post=9823"}],"version-history":[{"count":13,"href":"https:\/\/bfd-partners.com\/index.php\/wp-json\/wp\/v2\/pages\/9823\/revisions"}],"predecessor-version":[{"id":9876,"href":"https:\/\/bfd-partners.com\/index.php\/wp-json\/wp\/v2\/pages\/9823\/revisions\/9876"}],"wp:attachment":[{"href":"https:\/\/bfd-partners.com\/index.php\/wp-json\/wp\/v2\/media?parent=9823"}],"curies":[{"name":"wp","href":"https:\/\/api.w.org\/{rel}","templated":true}]}}