{"id":9720,"date":"2017-07-25T17:19:45","date_gmt":"2017-07-25T15:19:45","guid":{"rendered":"http:\/\/bfd-partners.com\/?page_id=9720"},"modified":"2017-07-26T21:25:46","modified_gmt":"2017-07-26T19:25:46","slug":"conseil-bordeaux","status":"publish","type":"page","link":"https:\/\/bfd-partners.com\/index.php\/conseil-bordeaux\/","title":{"rendered":"Conseil"},"content":{"rendered":"<p>[vc_row full_width=&#8221;stretch_row&#8221; bg_type=&#8221;image&#8221; parallax_style=&#8221;vcpb-vz-jquery&#8221; bg_image_new=&#8221;id^9752|url^http:\/\/bfd-partners.com\/wp-content\/uploads\/2017\/07\/IMG_0631A_ciel.jpg|caption^null|alt^null|title^IMG_0631A_ciel|description^null&#8221; bg_image_repeat=&#8221;repeat-x&#8221; css=&#8221;.vc_custom_1501002184913{padding-top: 45px !important;padding-bottom: 80px !important;}&#8221;][vc_column]<div id=\"ultimate-heading-375169f840c8ba6a9\" class=\"uvc-heading ult-adjust-bottom-margin ultimate-heading-375169f840c8ba6a9 uvc-498 \" data-hspacer=\"no_spacer\"  data-halign=\"center\" style=\"text-align:center\"><div class=\"uvc-heading-spacer no_spacer\" style=\"top\"><\/div><div class=\"uvc-sub-heading ult-responsive\"  data-ultimate-target='.uvc-heading.ultimate-heading-375169f840c8ba6a9 .uvc-sub-heading '  data-responsive-json-new='{\"font-size\":\"\",\"line-height\":\"\"}'  style=\"font-weight:normal;\"><\/p>\n<h1><span style=\"color: #ffffff;\">LE CONSEIL<\/span><\/h1>\n<p><\/div><\/div>[\/vc_column][\/vc_row][vc_row][vc_column][vc_row_inner css=&#8221;.vc_custom_1474115780249{border-top-width: 1px !important;border-radius: 1px !important;}&#8221;][vc_column_inner width=&#8221;1\/3&#8243;]<div id=\"ultimate-heading-319169f840c8ba6e8\" class=\"uvc-heading ult-adjust-bottom-margin ultimate-heading-319169f840c8ba6e8 uvc-8764 \" data-hspacer=\"no_spacer\"  data-halign=\"left\" style=\"text-align:left\"><div class=\"uvc-heading-spacer no_spacer\" style=\"top\"><\/div><div class=\"uvc-main-heading ult-responsive\"  data-ultimate-target='.uvc-heading.ultimate-heading-319169f840c8ba6e8 h2'  data-responsive-json-new='{\"font-size\":\"desktop:23px;\",\"line-height\":\"\"}' ><h2 style=\"font-family:&#039;Lato&#039;;font-weight:normal;font-style:normal;margin-bottom:20px;\">Un conseil adapt\u00e9 aux PME<\/h2><\/div><\/div>[vc_single_image image=&#8221;9695&#8243; img_size=&#8221;large&#8221; style=&#8221;vc_box_rounded&#8221; css=&#8221;.vc_custom_1500999301306{margin-bottom: 0px !important;padding-bottom: 0px !important;}&#8221;][vc_column_text css=&#8221;.vc_custom_1501096947656{margin-top: 0px !important;padding-top: 20px !important;padding-right: 30px !important;padding-bottom: 78px !important;padding-left: 30px !important;background-color: #eaeaea !important;}&#8221;]Vous avez des questions sur votre informatique, sur votre architecture IT, sur les \u00e9quipements n\u00e9cessaires \u00e0 moyen terme pour votre entreprise. Nous pouvons vous aider. <strong>Nos consultants sont d&#8217;anciens d\u00e9veloppeurs<\/strong> informatiques qui connaissent parfaitement ce monde. Ils ont de plus une <strong>grande exp\u00e9rience de l&#8217;environnement des PME<\/strong> et en particulier des contraintes budg\u00e9taires qui s&#8217;y rattachent.<\/p>\n<p>En se focalisant sur des solutions simples et raisonnables, nous pouvons tenir des d\u00e9lais et des budgets serr\u00e9s. <strong>Les r\u00e9centes attaques informatiques soulignent le besoin d&#8217;avoir une architecture informatique toujours plus s\u00e9curis\u00e9e<\/strong> et mise \u00e0 jour r\u00e9guli\u00e8rement. Nous travaillons avec des partenaires qui vous permettront de b\u00e9n\u00e9ficier des derniers technologies.<\/p>\n<p>Quelques exemples de projets: choix d&#8217;ERP, impl\u00e9mentation logiciel TVA, s\u00e9curisation de l&#8217;informatique, audit de s\u00e9curit\u00e9, d\u00e9finition d&#8217;un sch\u00e9ma directeur.[\/vc_column_text]<div class=\" vc_custom_1501078806812 ubtn-ctn-left \"><a class=\"ubtn-link ult-adjust-bottom-margin ubtn-left ubtn-mini \" href=\"http:\/\/bfd-partners.com\/index.php\/contact_ssg\/\" ><button type=\"button\" id=\"ubtn-6743\"  class=\"ubtn ult-adjust-bottom-margin ult-responsive ubtn-mini ubtn-fade-bg  none  ubtn-sep-icon ubtn-sep-icon-left-push  ubtn-left   tooltip-69f840c8ba759\"  data-hover=\"#ffffff\" data-border-color=\"#3083c9\" data-bg=\"#23465a\" data-hover-bg=\"#23465a\" data-border-hover=\"#3d3d3d\" data-shadow-hover=\"\" data-shadow-click=\"none\" data-shadow=\"\" data-shd-shadow=\"\"  data-ultimate-target='#ubtn-6743'  data-responsive-json-new='{\"font-size\":\"\",\"line-height\":\"\"}'  style=\"font-weight:normal;border-radius:4px;border-width:1px;border-color:#3083c9;border-style:solid;background: #23465a;color: #ffffff;\"><span class=\"ubtn-data ubtn-icon\"><i class=\"Defaults-angle-double-right\" style=\"font-size:25px;color:#ffffff;\"><\/i><\/span><span class=\"ubtn-hover\" style=\"background-color:#23465a\"><\/span><span class=\"ubtn-data ubtn-text \" >NOUS CONTACTER<\/span><\/button><\/a><\/div>[\/vc_column_inner][vc_column_inner width=&#8221;1\/3&#8243; css=&#8221;.vc_custom_1472036543035{border-radius: 3px !important;}&#8221;]<div id=\"ultimate-heading-287169f840c8ba7b7\" class=\"uvc-heading ult-adjust-bottom-margin ultimate-heading-287169f840c8ba7b7 uvc-9812 \" data-hspacer=\"no_spacer\"  data-halign=\"left\" style=\"text-align:left\"><div class=\"uvc-heading-spacer no_spacer\" style=\"top\"><\/div><div class=\"uvc-main-heading ult-responsive\"  data-ultimate-target='.uvc-heading.ultimate-heading-287169f840c8ba7b7 h2'  data-responsive-json-new='{\"font-size\":\"desktop:23px;\",\"line-height\":\"\"}' ><h2 style=\"font-family:&#039;Lato&#039;;font-weight:normal;font-style:normal;margin-bottom:20px;\">Expertise autour de GDPR \/ RGPD<\/h2><\/div><\/div>[vc_single_image image=&#8221;9741&#8243; img_size=&#8221;large&#8221; style=&#8221;vc_box_rounded&#8221; css=&#8221;.vc_custom_1501001297531{margin-bottom: 0px !important;padding-bottom: 0px !important;}&#8221;][vc_column_text css=&#8221;.vc_custom_1501097083465{margin-top: 0px !important;padding-top: 20px !important;padding-right: 30px !important;padding-bottom: 78px !important;padding-left: 30px !important;background-color: #eaeaea !important;}&#8221;]La <strong>r\u00e9glementation sur la protection de la donn\u00e9e personnelle sera effective fin mai 2018<\/strong>. <strong>BFD Partners a men\u00e9 d\u00e9j\u00e0 plusieurs projets<\/strong> autour de la protection de la donn\u00e9e personnelle, et peut vous aider \u00e0 vous mettre en conformit\u00e9 dans ce domaine.<\/p>\n<p>M\u00eame si la r\u00e9glementation ne s&#8217;applique dans les faits que pour les entreprises de taille importante (+ de 250 salari\u00e9s), il demeure tr\u00e8s risqu\u00e9 pour les entreprises de ne pas se conformer a minima \u00e0 ces nouvelles obligations (les p\u00e9nalit\u00e9s pr\u00e9vues en cas de manque \u00e9tant dissuasives pouvant aller jusqu&#8217;\u00e0 4% du CA).<\/p>\n<p><strong>Gr\u00e2ce \u00e0 notre ma\u00eetrise du sujet<\/strong>, nous sommes capables de proposer des solutions rapides de mise en conformit\u00e9, adapt\u00e9es aux PME. <strong>BFD Partners propose en outre un service &#8220;\u00e0 la carte&#8221; de la fonction de Data Privacy Officer<\/strong>. Nous assurons la fonction de DPO au sein de votre entreprise, pour quelques jours par mois qui sont factur\u00e9s selon le temps pass\u00e9.<\/p>\n<p>&nbsp;<\/p>\n<p>[\/vc_column_text]<div class=\" vc_custom_1501078837653 ubtn-ctn-left \"><a class=\"ubtn-link ult-adjust-bottom-margin ubtn-left ubtn-mini \" href=\"http:\/\/bfd-partners.com\/index.php\/protection-donnees-personnelles-rgpd\/\" ><button type=\"button\" id=\"ubtn-9566\"  class=\"ubtn ult-adjust-bottom-margin ult-responsive ubtn-mini ubtn-fade-bg  none  ubtn-sep-icon ubtn-sep-icon-left-push  ubtn-left   tooltip-69f840c8ba7f9\"  data-hover=\"#ffffff\" data-border-color=\"#3083c9\" data-bg=\"#23465a\" data-hover-bg=\"#23465a\" data-border-hover=\"#3d3d3d\" data-shadow-hover=\"\" data-shadow-click=\"none\" data-shadow=\"\" data-shd-shadow=\"\"  data-ultimate-target='#ubtn-9566'  data-responsive-json-new='{\"font-size\":\"\",\"line-height\":\"\"}'  style=\"font-weight:normal;border-radius:4px;border-width:1px;border-color:#3083c9;border-style:solid;background: #23465a;color: #ffffff;\"><span class=\"ubtn-data ubtn-icon\"><i class=\"Defaults-angle-double-right\" style=\"font-size:25px;color:#ffffff;\"><\/i><\/span><span class=\"ubtn-hover\" style=\"background-color:#23465a\"><\/span><span class=\"ubtn-data ubtn-text \" >EN SAVOIR PLUS<\/span><\/button><\/a><\/div>[\/vc_column_inner][vc_column_inner width=&#8221;1\/3&#8243;]<div id=\"ultimate-heading-91569f840c8ba831\" class=\"uvc-heading ult-adjust-bottom-margin ultimate-heading-91569f840c8ba831 uvc-1671 \" data-hspacer=\"no_spacer\"  data-halign=\"left\" style=\"text-align:left\"><div class=\"uvc-heading-spacer no_spacer\" style=\"top\"><\/div><div class=\"uvc-main-heading ult-responsive\"  data-ultimate-target='.uvc-heading.ultimate-heading-91569f840c8ba831 h2'  data-responsive-json-new='{\"font-size\":\"desktop:23px;\",\"line-height\":\"\"}' ><h2 style=\"font-family:&#039;Lato&#039;;font-weight:normal;font-style:normal;margin-bottom:20px;\">Strat\u00e9gie digitale et internet<\/h2><\/div><\/div>[vc_single_image image=&#8221;9691&#8243; img_size=&#8221;large&#8221; style=&#8221;vc_box_rounded&#8221; css=&#8221;.vc_custom_1500999348930{margin-bottom: 0px !important;padding-bottom: 0px !important;}&#8221;][vc_column_text css=&#8221;.vc_custom_1501097127464{margin-top: 0px !important;padding-top: 20px !important;padding-right: 30px !important;padding-bottom: 78px !important;padding-left: 30px !important;background-color: #eaeaea !important;}&#8221;]Avec de nombreux projets digitaux men\u00e9s, <strong>nos consultants peuvent vous aider dans l&#8217;\u00e9laboration d&#8217;une strat\u00e9gie digitale globale<\/strong> adapt\u00e9e \u00e0 votre taille et vos besoins et qui permette d&#8217;exister r\u00e9ellement sur le net, le tout avec des budgets serr\u00e9s. Nous pouvons vous conseiller sur les meilleurs choix d&#8217;impl\u00e9mentation selon votre activit\u00e9 et vos contraintes. <strong>Quels seraient les r\u00e9seaux sociaux \u00e0 aller chercher<\/strong>, comment \u00e9toffer et faire vivre votre communaut\u00e9. <strong>Souvent ce n&#8217;est pas le budget qui fait la diff\u00e9rence mais bien plut\u00f4t la pertinence et la coh\u00e9rence de la strat\u00e9gie digitale<\/strong>. Impossible d&#8217;exister sur le net sans cela.<\/p>\n<p>Quelques exemples de projets: mise en place site internet, choix des fournisseurs, impl\u00e9mentation mais aussi surtout strat\u00e9gie sur les r\u00e9seaux sociaux, cadencement des publications, liens avec l&#8217;activit\u00e9 et les \u00e9v\u00e9nements locaux, optimisation du r\u00e9f\u00e9rencement SEO\/SEM<\/p>\n<p>&nbsp;<\/p>\n<p>[\/vc_column_text]<div class=\" vc_custom_1501078852366 ubtn-ctn-left \"><a class=\"ubtn-link ult-adjust-bottom-margin ubtn-left ubtn-mini \" href=\"http:\/\/bfd-partners.com\/index.php\/contact_ssg\/\" ><button type=\"button\" id=\"ubtn-4751\"  class=\"ubtn ult-adjust-bottom-margin ult-responsive ubtn-mini ubtn-fade-bg  none  ubtn-sep-icon ubtn-sep-icon-left-push  ubtn-left   tooltip-69f840c8ba867\"  data-hover=\"#ffffff\" data-border-color=\"#3083c9\" data-bg=\"#23465a\" data-hover-bg=\"#23465a\" data-border-hover=\"#3d3d3d\" data-shadow-hover=\"\" data-shadow-click=\"none\" data-shadow=\"\" data-shd-shadow=\"\"  data-ultimate-target='#ubtn-4751'  data-responsive-json-new='{\"font-size\":\"\",\"line-height\":\"\"}'  style=\"font-weight:normal;border-radius:4px;border-width:1px;border-color:#3083c9;border-style:solid;background: #23465a;color: #ffffff;\"><span class=\"ubtn-data ubtn-icon\"><i class=\"Defaults-angle-double-right\" style=\"font-size:25px;color:#ffffff;\"><\/i><\/span><span class=\"ubtn-hover\" style=\"background-color:#23465a\"><\/span><span class=\"ubtn-data ubtn-text \" >NOUS CONTACTER<\/span><\/button><\/a><\/div>[\/vc_column_inner][\/vc_row_inner][\/vc_column][\/vc_row]<\/p>\n","protected":false},"excerpt":{"rendered":"<p>[vc_row full_width=&#8221;stretch_row&#8221; bg_type=&#8221;image&#8221; parallax_style=&#8221;vcpb-vz-jquery&#8221; bg_image_new=&#8221;id^9752|url^http:\/\/bfd-partners.com\/wp-content\/uploads\/2017\/07\/IMG_0631A_ciel.jpg|caption^null|alt^null|title^IMG_0631A_ciel|description^null&#8221; bg_image_repeat=&#8221;repeat-x&#8221; css=&#8221;.vc_custom_1501002184913{padding-top: 45px !important;padding-bottom: 80px !important;}&#8221;][vc_column][\/vc_column][\/vc_row][vc_row][vc_column][vc_row_inner css=&#8221;.vc_custom_1474115780249{border-top-width: 1px !important;border-radius: 1px !important;}&#8221;][vc_column_inner width=&#8221;1\/3&#8243;][vc_single_image image=&#8221;9695&#8243; img_size=&#8221;large&#8221; style=&#8221;vc_box_rounded&#8221; css=&#8221;.vc_custom_1500999301306{margin-bottom: 0px !important;padding-bottom: 0px !important;}&#8221;][vc_column_text css=&#8221;.vc_custom_1501096947656{margin-top: 0px !important;padding-top: 20px !important;padding-right: 30px !important;padding-bottom: 78px !important;padding-left: 30px !important;background-color: #eaeaea !important;}&#8221;]Vous avez des questions sur votre informatique, sur votre architecture IT, sur les \u00e9quipements n\u00e9cessaires \u00e0 moyen terme [&hellip;]<\/p>\n","protected":false},"author":1,"featured_media":0,"parent":0,"menu_order":0,"comment_status":"closed","ping_status":"closed","template":"","meta":{"_exactmetrics_skip_tracking":false,"_exactmetrics_sitenote_active":false,"_exactmetrics_sitenote_note":"","_exactmetrics_sitenote_category":0,"footnotes":""},"class_list":["post-9720","page","type-page","status-publish","hentry"],"yoast_head":"<!-- This site is optimized with the Yoast SEO plugin v25.5 - https:\/\/yoast.com\/wordpress\/plugins\/seo\/ -->\n<title>Conseil | Le site de Bordeaux Finance D\u00e9veloppement BFD Partners<\/title>\n<meta name=\"robots\" content=\"index, follow, max-snippet:-1, max-image-preview:large, max-video-preview:-1\" \/>\n<link rel=\"canonical\" href=\"https:\/\/bfd-partners.com\/index.php\/conseil-bordeaux\/\" \/>\n<script type=\"application\/ld+json\" class=\"yoast-schema-graph\">{\"@context\":\"https:\/\/schema.org\",\"@graph\":[{\"@type\":\"BreadcrumbList\",\"@id\":\"https:\/\/bfd-partners.com\/index.php\/conseil-bordeaux\/#breadcrumb\",\"itemListElement\":[{\"@type\":\"ListItem\",\"position\":1,\"name\":\"Accueil\",\"item\":\"https:\/\/bfd-partners.com\/\"},{\"@type\":\"ListItem\",\"position\":2,\"name\":\"Conseil\"}]}]}<\/script>\n<!-- \/ Yoast SEO plugin. -->","yoast_head_json":{"title":"Conseil | Le site de Bordeaux Finance D\u00e9veloppement BFD Partners","robots":{"index":"index","follow":"follow","max-snippet":"max-snippet:-1","max-image-preview":"max-image-preview:large","max-video-preview":"max-video-preview:-1"},"canonical":"https:\/\/bfd-partners.com\/index.php\/conseil-bordeaux\/","schema":{"@context":"https:\/\/schema.org","@graph":[{"@type":"BreadcrumbList","@id":"https:\/\/bfd-partners.com\/index.php\/conseil-bordeaux\/#breadcrumb","itemListElement":[{"@type":"ListItem","position":1,"name":"Accueil","item":"https:\/\/bfd-partners.com\/"},{"@type":"ListItem","position":2,"name":"Conseil"}]}]}},"_links":{"self":[{"href":"https:\/\/bfd-partners.com\/index.php\/wp-json\/wp\/v2\/pages\/9720","targetHints":{"allow":["GET"]}}],"collection":[{"href":"https:\/\/bfd-partners.com\/index.php\/wp-json\/wp\/v2\/pages"}],"about":[{"href":"https:\/\/bfd-partners.com\/index.php\/wp-json\/wp\/v2\/types\/page"}],"author":[{"embeddable":true,"href":"https:\/\/bfd-partners.com\/index.php\/wp-json\/wp\/v2\/users\/1"}],"replies":[{"embeddable":true,"href":"https:\/\/bfd-partners.com\/index.php\/wp-json\/wp\/v2\/comments?post=9720"}],"version-history":[{"count":24,"href":"https:\/\/bfd-partners.com\/index.php\/wp-json\/wp\/v2\/pages\/9720\/revisions"}],"predecessor-version":[{"id":9874,"href":"https:\/\/bfd-partners.com\/index.php\/wp-json\/wp\/v2\/pages\/9720\/revisions\/9874"}],"wp:attachment":[{"href":"https:\/\/bfd-partners.com\/index.php\/wp-json\/wp\/v2\/media?parent=9720"}],"curies":[{"name":"wp","href":"https:\/\/api.w.org\/{rel}","templated":true}]}}